{"id":2579,"date":"2024-04-09T13:32:35","date_gmt":"2024-04-09T11:32:35","guid":{"rendered":"https:\/\/doctorpablotorres.tuseo360.com\/biografia-doctor-pablo-torres\/"},"modified":"2024-08-29T00:57:01","modified_gmt":"2024-08-28T22:57:01","slug":"biografia-doctor-pablo-torres","status":"publish","type":"page","link":"https:\/\/doctorpablotorres.tuseo360.com\/it\/biografia-doctor-pablo-torres\/","title":{"rendered":"Biografia \ud835\uddd7\ud835\uddff. \ud835\udde3\ud835\uddee\ud835\uddef\ud835\uddf9\ud835\uddfc \ud835\udde7\ud835\uddfc\ud835\uddff\ud835\uddff\ud835\uddf2\ud835\ude00"},"content":{"rendered":"\t\t<div data-elementor-type=\"wp-page\" data-elementor-id=\"2579\" class=\"elementor elementor-2579 elementor-1965\" data-elementor-post-type=\"page\">\n\t\t\t\t<div class=\"elementor-element elementor-element-2c3e2f0 e-flex e-con-boxed e-con e-parent\" data-id=\"2c3e2f0\" data-element_type=\"container\">\n\t\t\t\t\t<div class=\"e-con-inner\">\n\t\t\t\t<div class=\"elementor-element elementor-element-2c3a076 mdw-gradient elementor-invisible elementor-widget elementor-widget-heading\" data-id=\"2c3a076\" data-element_type=\"widget\" data-settings=\"{&quot;_animation&quot;:&quot;fadeInUp&quot;}\" data-widget_type=\"heading.default\">\n\t\t\t\t<div class=\"elementor-widget-container\">\n\t\t\t<h1 class=\"elementor-heading-title elementor-size-default\">Dr Pablo Torres<\/h1>\t\t<\/div>\n\t\t\t\t<\/div>\n\t\t\t\t<div class=\"elementor-element elementor-element-6b1d6cd elementor-invisible elementor-widget elementor-widget-heading\" data-id=\"6b1d6cd\" data-element_type=\"widget\" data-settings=\"{&quot;_animation&quot;:&quot;fadeIn&quot;}\" data-widget_type=\"heading.default\">\n\t\t\t\t<div class=\"elementor-widget-container\">\n\t\t\t<h1 class=\"elementor-heading-title elementor-size-default\">Biograf\u00eda<\/h1>\t\t<\/div>\n\t\t\t\t<\/div>\n\t\t\t\t<div class=\"elementor-element elementor-element-86ddd13 elementor-widget elementor-widget-html\" data-id=\"86ddd13\" data-element_type=\"widget\" data-widget_type=\"html.default\">\n\t\t\t\t<div class=\"elementor-widget-container\">\n\t\t\t<style>\r\n.mdw-card-portfolio{\r\n    --image-height: 77vh;\r\n    --image-width: 62vh;\r\n    --maximum-move: 80vh;\r\n    --maximum-rotate: 6deg;\r\n}\r\n.mdw-gradient{\r\n    --gradient-color-1: #302a27;\r\n    --gradient-color-2: #965f39;\r\n    --gradient-color-3: #e1a57d;\r\n    --gradient-color-4: #afd3ec;\r\n    --gradient-color-5: #445f88;\r\n}\r\n\r\n\/* Tablet Device *\/\r\n\r\n@media (max-width: 1024px){\r\n.mdw-card-portfolio{\r\n    --image-height: 77vh;\r\n    --image-width: 62vh;\r\n    --maximum-move: 65vh;\r\n    --maximum-rotate: 6deg;\r\n}\r\n}\r\n\r\n\r\n\/* Mobile Device *\/\r\n\r\n@media (max-width: 767px){\r\n.mdw-card-portfolio{\r\n    --image-height: 450px;\r\n    --image-width: 375px;\r\n    --maximum-move: 350px;\r\n    --maximum-rotate: 3deg;\r\n}\r\n}\r\n\r\nhtml, body{\r\n    overflow-x: hidden;\r\n}\r\n.elementor-edit-area .animated {\r\n    animation-fill-mode: forwards!important;\r\n}\r\n.mdw-card-portfolio-image-left,\r\n.mdw-card-portfolio-image-right{\r\n    will-change: transform;\r\n}\r\n.mdw-card-portfolio-image-left img,\r\n.mdw-card-portfolio-image-right img{\r\n    width: var(--image-width);\r\n    height: var(--image-height);\r\n    object-fit: cover;\r\n}\r\n\r\n\r\n\/* CSS code for gradient background *\/\r\n\r\n.mdw-gradient .elementor-widget-container{\r\n    background: var(--gradient-color-1,#fff);\r\n    background: linear-gradient(90deg, var(--gradient-color-1,#fff) 0%, var(--gradient-color-2,#fff) 25%, var(--gradient-color-3,#fff) 50%, var(--gradient-color-4,#fff) 75%, var(--gradient-color-5,#fff) 100%);\r\n}\r\n.mdw-gradient.elementor-widget-heading .elementor-widget-container{\r\n    -webkit-background-clip: text;\r\n    -webkit-text-fill-color: transparent;\r\n}\r\n\r\n\r\n\/* CSS code for bottom email box *\/\r\n\r\n.mdw-email-box .elementor-widget-container{\r\n    cursor: pointer;\r\n}\r\n.mdw-email-box .elementor-heading-title{\r\n    transition: all 0.2s ease-in-out;\r\n    word-break: break-all;\r\n    text-align: center;\r\n}\r\n.mdw-email-box .elementor-widget-container:hover .elementor-heading-title{\r\n    transform: scale(0.98);\r\n}\r\n.mdw-email-copy{\r\n    height: var(--min-height,22px);\r\n}\r\n.mdw-email-copy .e-con-inner{\r\n    height: auto;\r\n}\r\n.mdw-email-copy .elementor-widget{\r\n    transition: all 0.2s ease-in-out;\r\n}\r\n.mdw-email-copy.copy .elementor-widget{\r\n    transform: translateY(-100%);\r\n}\r\n.mdw-email-copy.copied .elementor-widget{\r\n    transform: translateY(-200%);\r\n}\r\n\r\n\r\n\/* CSS code for improving entrance animation *\/\r\n\r\n.fadeInUp {\r\n    animation: mdwFadeInUp 1s ease-in-out forwards !important;\r\n}\r\n.fadeIn {\r\n    animation: fadeIn 1.3s ease-in-out 0.5s forwards !important;\r\n    opacity: 0;\r\n}\r\n\r\n@keyframes mdwFadeInUp{\r\n0%{\r\n    transform: translateY(50px);\r\n    opacity: 0;\r\n    clip-path: polygon(0 0, 100% 0, 100% 0, 0 0);\r\n}\r\n100%{\r\n    transform: translateY(0);\r\n    opacity: 1;\r\n    clip-path: polygon(0 0, 100% 0, 100% 100%, 0% 100%);\r\n}\r\n}\r\n\r\n@media (max-width: 767px){\r\n.mdw-card-portfolio-image-left{\r\n    transition: all 0.6s ease-in-out;\r\n    transform: translateX(-30px) rotate(-1deg) !important;\r\n}\r\n.mdw-card-portfolio-image-right{\r\n    transition: all 0.6s ease-in-out;\r\n    transform: translateX(30px) rotate(1deg) !important;\r\n}\r\n.mdw-card-portfolio.passed .mdw-card-portfolio-image-left{\r\n    transition: all 0.8s ease-in-out;\r\n    transform: translateX(calc(-1*var(--maximum-move))) rotate(calc(-1*var(--maximum-rotate))) !important;\r\n}\r\n.mdw-card-portfolio.passed .mdw-card-portfolio-image-right{\r\n    transition: all 0.8s ease-in-out;\r\n    transform: translateX(calc(1*var(--maximum-move))) rotate(calc(1*var(--maximum-rotate))) !important;\r\n}\r\n}\r\n\r\n<\/style>\r\n\r\n<script src=\"https:\/\/code.jquery.com\/jquery-3.6.0.min.js\"><\/script>\r\n<script>\r\nvar $ = jQuery\r\n\r\n$(window).on('load scroll resize', function(){\r\n\r\n$('.mdw-card-portfolio').each(function(){\r\n    var $this = $(this),\r\n    sectionHeight = $this.outerHeight(),\r\n    windowHeight = $(window).height(),\r\n    scrollValue = $(window).scrollTop() - $this.offset().top + windowHeight,\r\n    bottomPassValue = $(window).scrollTop() - $this.offset().top - sectionHeight,\r\n    easeSpeed = 3,\r\n    easeValue\r\n    \r\n    if( $(window).width() > 767 ){\r\n        \r\n        if(scrollValue < 0 || bottomPassValue > 0) return\r\n        \r\n        easeValue = 1 - 1\/Math.pow(2, scrollValue*easeSpeed\/sectionHeight)\r\n        \r\n        $this.find('.mdw-card-portfolio-image-left').css('transform', 'translateX(calc(' + (-1*easeValue) + '* var(--maximum-move))) rotate(calc(' + (-1*easeValue) + '*var(--maximum-rotate)))')\r\n        $this.find('.mdw-card-portfolio-image-right').css('transform', 'translateX(calc(' + (1*easeValue) + '* var(--maximum-move))) rotate(calc(' + (1*easeValue) + '*var(--maximum-rotate)))')\r\n    }else{\r\n        $this.removeClass('passed')\r\n        if( scrollValue - windowHeight*1\/2 > 0 ) $this.addClass('passed')\r\n    }\r\n    \r\n})\r\n})\r\n\r\n$(document).ready(function(){\r\n    \r\n$('.mdw-email-box .elementor-widget-container').hover(function(){\r\n    $('.mdw-email-copy').addClass('copy')\r\n}, function(){\r\n    $('.mdw-email-copy').removeClass('copy copied')\r\n})\r\n\r\n$('.mdw-email-box .elementor-widget-container').on('click', function(){\r\n    navigator.clipboard.writeText($('.mdw-email-box').text())\r\n    $('.mdw-email-copy').addClass('copied')\r\n})\r\n})\r\n\r\n<\/script>\t\t<\/div>\n\t\t\t\t<\/div>\n\t\t\t\t\t<\/div>\n\t\t\t\t<\/div>\n\t\t<div class=\"elementor-element elementor-element-77dcc31 e-flex e-con-boxed e-con e-parent\" data-id=\"77dcc31\" data-element_type=\"container\">\n\t\t\t\t\t<div class=\"e-con-inner\">\n\t\t\t\t<div class=\"elementor-element elementor-element-a6b7244 elementor-widget elementor-widget-image\" data-id=\"a6b7244\" data-element_type=\"widget\" data-widget_type=\"image.default\">\n\t\t\t\t<div class=\"elementor-widget-container\">\n\t\t\t\t\t\t\t\t\t\t\t\t\t<img fetchpriority=\"high\" decoding=\"async\" width=\"1024\" height=\"592\" src=\"https:\/\/doctorpablotorres.tuseo360.com\/wp-content\/uploads\/2023\/10\/portada-presu-torres-1-1024x592.jpg\" class=\"attachment-large size-large wp-image-225\" alt=\"\" srcset=\"https:\/\/doctorpablotorres.tuseo360.com\/wp-content\/uploads\/2023\/10\/portada-presu-torres-1-1024x592.jpg 1024w, https:\/\/doctorpablotorres.tuseo360.com\/wp-content\/uploads\/2023\/10\/portada-presu-torres-1-300x173.jpg 300w, https:\/\/doctorpablotorres.tuseo360.com\/wp-content\/uploads\/2023\/10\/portada-presu-torres-1-768x444.jpg 768w, https:\/\/doctorpablotorres.tuseo360.com\/wp-content\/uploads\/2023\/10\/portada-presu-torres-1.jpg 1408w\" sizes=\"(max-width: 1024px) 100vw, 1024px\" \/>\t\t\t\t\t\t\t\t\t\t\t\t\t<\/div>\n\t\t\t\t<\/div>\n\t\t\t\t<div class=\"elementor-element elementor-element-848d3ea elementor-widget elementor-widget-text-editor\" data-id=\"848d3ea\" data-element_type=\"widget\" data-widget_type=\"text-editor.default\">\n\t\t\t\t<div class=\"elementor-widget-container\">\n\t\t\t\t\t\t\t<p>Il Dr. Pablo Torres si distingue nel campo dell&#8217;odontoiatria per la sua specializzazione in estetica dentale e nella manipolazione esperta dell&#8217;acido ialuronico.<\/p><p>Laureato in odontoiatria presso l&#8217;Universit\u00e0 Europea, ha integrato la sua formazione specialistica in estetica dentale e acido ialuronico con tecniche avanzate come la tecnica Russian Lips, appresa direttamente a Mosca.<\/p><p>Questa combinazione di formazione internazionale di livello mondiale con il suo approccio ai trattamenti estetici dentali rompe con la tradizione, integrando le ultime innovazioni e tecniche disponibili nel settore.<\/p><p>Operando da localit\u00e0 strategiche come Vigo, Coru\u00f1a, Madrid, Milano, Seregno e Messico, il Dr. Torres estende le sue eccezionali capacit\u00e0 e conoscenze oltre i confini spagnoli, offrendo soluzioni dentali all&#8217;avanguardia a pazienti di varie nazionalit\u00e0. La sua visione globale dell&#8217;odontoiatria garantisce che ciascuno dei suoi pazienti riceva cure in linea con i pi\u00f9 alti standard internazionali, garantendo trattamenti personalizzati che rispondono alle esigenze e alle aspettative uniche di ciascun individuo.<\/p><p>La capacit\u00e0 diagnostica del Dott. Torres si basa sulla sua vasta esperienza e specializzazione in molteplici rami dell&#8217;odontoiatria. Come chirurgo implantare, \u00e8 un membro rispettato della Societ\u00e0 Spagnola di Implantologia. Nel campo dell&#8217;ortodonzia, la sua partecipazione attiva e il riconoscimento come relatore presso l&#8217;American Society of Orthodontics sottolinea il suo impegno per il perfetto allineamento dentale e il miglioramento del morso.<\/p><p>La sua esperienza si estende alla parodontologia, alla cura della salute delle gengive per sostenere la fondazione di un bel sorriso, nonch\u00e9 al trattamento dell&#8217;ATM e del dolore craniofacciale, affrontando problemi complessi che influiscono sulla qualit\u00e0 della vita dei suoi pazienti.<\/p><p>La clinica dentistica \u00e8 diventata un punto di riferimento per il successo e l&#8217;eccellenza nella cura dei pazienti ed \u00e8 riuscita a trasformare la vita di oltre 200 pazienti ogni mese attraverso risultati che superano le aspettative. Le testimonianze e i casi di studio disponibili riflettono l&#8217;assoluto impegno del Dr. Torres verso l&#8217;eccellenza nelle cure odontoiatriche, evidenziando il suo approccio personalizzato ed empatico verso ciascun paziente.<\/p>\t\t\t\t\t\t<\/div>\n\t\t\t\t<\/div>\n\t\t\t\t\t<\/div>\n\t\t\t\t<\/div>\n\t\t<div class=\"elementor-element elementor-element-6a80d45 e-flex e-con-boxed e-con e-parent\" data-id=\"6a80d45\" data-element_type=\"container\">\n\t\t\t\t\t<div class=\"e-con-inner\">\n\t\t<div class=\"elementor-element elementor-element-9e13c92 e-con-full e-flex e-con e-child\" data-id=\"9e13c92\" data-element_type=\"container\">\n\t\t\t\t<div class=\"elementor-element elementor-element-cf81d47 elementor-widget elementor-widget-heading\" data-id=\"cf81d47\" data-element_type=\"widget\" data-widget_type=\"heading.default\">\n\t\t\t\t<div class=\"elementor-widget-container\">\n\t\t\t<h2 class=\"elementor-heading-title elementor-size-default\">Formazione del dottor Pablo Torres<\/h2>\t\t<\/div>\n\t\t\t\t<\/div>\n\t\t\t\t<div class=\"elementor-element elementor-element-7317c5f elementor-widget elementor-widget-heading\" data-id=\"7317c5f\" data-element_type=\"widget\" data-widget_type=\"heading.default\">\n\t\t\t\t<div class=\"elementor-widget-container\">\n\t\t\t<h2 class=\"elementor-heading-title elementor-size-default\">Especialidades y servicios del Dr. Pablo Torres\n\n\n<\/h2>\t\t<\/div>\n\t\t\t\t<\/div>\n\t\t\t\t<div class=\"elementor-element elementor-element-4340ce2 elementor-widget elementor-widget-text-editor\" data-id=\"4340ce2\" data-element_type=\"widget\" data-widget_type=\"text-editor.default\">\n\t\t\t\t<div class=\"elementor-widget-container\">\n\t\t\t\t\t\t\t<p>Il Dott. Pablo Torres ha costruito una base educativa e professionale attraverso la sua partecipazione a vari programmi e corsi di specializzazione, distinguendosi nel campo dell&#8217;odontoiatria estetica e funzionale.<\/p><ul><li><b>Universit\u00e0 Europea: <\/b>Laureato in Odontoiatria, dove ha acquisito una formazione completa nelle diverse discipline dell&#8217;odontoiatria, ponendo le basi per la sua brillante carriera professionale.<\/li><li><strong>New York Dental Center:<\/strong> ha completato un programma specializzato nella gestione dell&#8217;acido ialuronico, dove ha perfezionato tecniche avanzate per l&#8217;applicazione estetica e terapeutica di questo composto, migliorando l&#8217;armonia del viso e l&#8217;estetica del sorriso dei suoi pazienti.<br \/><b><\/b><\/li><li><b>DEAC by Proclinic: <\/b>Ha conseguito il titolo di esperto in implantologia dentale, campo in cui ha dimostrato eccezionali capacit\u00e0 nel ripristinare sorrisi, sostituendo i denti mancanti utilizzando tecniche implantologiche all&#8217;avanguardia.<\/li><li><strong>Corso intensivo di estetica dentale, faccette guidate in disilicato di litio:<\/strong> Attraverso questo corso, il Dott. Torres ha approfondito le tecniche di progettazione e applicazione delle faccette dentali, una soluzione estetica molto richiesta per migliorare l&#8217;aspetto dei denti.<br \/><b><\/b><\/li><li><b>Firstfit-Restauri guidati digitalmente: <\/b>partecipazione a un programma avanzato sui restauri dentali guidati digitalmente, che consente di eseguire procedure pi\u00f9 precise e veloci con risultati esteticamente superiori.<br \/><b><\/b><\/li><li><b>Istituto IESO: <\/b>ha completato un corso specializzato in tecniche di sbiancamento dei denti con la Dott.ssa Almudena Mart\u00ednez Bravo, ampliando la sua conoscenza delle procedure per illuminare e abbellire il sorriso in modo sicuro ed efficace.<\/li><li><strong>Tecnica Russian Lips a Mosca:<\/strong> questa formazione specifica gli ha permesso di padroneggiare un&#8217;innovativa tecnica di aumento e modellamento delle labbra, ricercando risultati naturali e armoniosi che completino i suoi trattamenti estetici dentali.<\/li><\/ul>\t\t\t\t\t\t<\/div>\n\t\t\t\t<\/div>\n\t\t\t\t<div class=\"elementor-element elementor-element-1dabb25 elementor-widget elementor-widget-text-editor\" data-id=\"1dabb25\" data-element_type=\"widget\" data-widget_type=\"text-editor.default\">\n\t\t\t\t<div class=\"elementor-widget-container\">\n\t\t\t\t\t\t\t<p>Il Dr. Torres \u00e8 specializzato nella trasformazione del sorriso attraverso procedure dentali estetiche e l&#8217;uso innovativo dell&#8217;acido ialuronico. I tuoi pazienti possono aspettarsi trattamenti all\u2019avanguardia che non solo migliorano l\u2019estetica dentale ma promuovono anche la salute orale completa.<\/p><p>Acido ialuronico: per i contorni del viso e il volume delle labbra, completando l&#8217;estetica dentale.<br \/>Estetica dentale: comprese le faccette dentali e non solo, per un sorriso perfetto.<\/p>\t\t\t\t\t\t<\/div>\n\t\t\t\t<\/div>\n\t\t\t\t<div class=\"elementor-element elementor-element-2bf13b7 elementor-widget elementor-widget-heading\" data-id=\"2bf13b7\" data-element_type=\"widget\" data-widget_type=\"heading.default\">\n\t\t\t\t<div class=\"elementor-widget-container\">\n\t\t\t<h2 class=\"elementor-heading-title elementor-size-default\">Innovazione e formazione continua<\/h2>\t\t<\/div>\n\t\t\t\t<\/div>\n\t\t\t\t<div class=\"elementor-element elementor-element-adc3774 elementor-widget elementor-widget-text-editor\" data-id=\"adc3774\" data-element_type=\"widget\" data-widget_type=\"text-editor.default\">\n\t\t\t\t<div class=\"elementor-widget-container\">\n\t\t\t\t\t\t\t<p>Il <strong>Dr. Torres<\/strong> si impegna a rimanere all&#8217;avanguardia nel campo dell&#8217;odontoiatria, partecipando regolarmente a conferenze e workshop internazionali. Questa dedizione alla formazione continua avvantaggia direttamente i pazienti, che ricevono cure basate sulle tecniche pi\u00f9 recenti ed efficaci.<\/p><p>Sei ad un passo dalla trasformazione del tuo sorriso. Utilizza il nostro modulo di contatto online o chiama direttamente la clinica. Contattaci oggi per programmare la tua consultazione con il Dr. Pablo Torres e fare il primo passo verso il sorriso dei tuoi sogni.<\/p>\t\t\t\t\t\t<\/div>\n\t\t\t\t<\/div>\n\t\t\t\t<\/div>\n\t\t\t\t\t<\/div>\n\t\t\t\t<\/div>\n\t\t<div class=\"elementor-element elementor-element-266f929 e-flex e-con-boxed e-con e-parent\" data-id=\"266f929\" data-element_type=\"container\">\n\t\t\t\t\t<div class=\"e-con-inner\">\n\t\t\t\t<div class=\"elementor-element elementor-element-6b8fd6b elementor-widget elementor-widget-html\" data-id=\"6b8fd6b\" data-element_type=\"widget\" data-widget_type=\"html.default\">\n\t\t\t\t<div class=\"elementor-widget-container\">\n\t\t\t\r\n<script src=\"https:\/\/cdnjs.cloudflare.com\/ajax\/libs\/gsap\/3.9.1\/gsap.min.js\"><\/script>\r\n<script src=\"https:\/\/cdnjs.cloudflare.com\/ajax\/libs\/gsap\/3.9.1\/ScrollTrigger.min.js\"><\/script>\r\n\r\n<script>\r\n    gsap.registerPlugin(ScrollTrigger);\r\n\r\nconst textElements = gsap.utils.toArray('.elementor-heading-title');\r\n\r\ntextElements.forEach(text => {\r\n  gsap.to(text, {\r\n    backgroundSize: '100%',\r\n    ease: 'none',\r\n    scrollTrigger: {\r\n      trigger: text,\r\n      start: 'center 80%',\r\n      end: 'center 20%',\r\n      scrub: true,\r\n    },\r\n  });\r\n});\r\n<\/script>\t\t<\/div>\n\t\t\t\t<\/div>\n\t\t\t\t\t<\/div>\n\t\t\t\t<\/div>\n\t\t\t\t<\/div>\n\t\t","protected":false},"excerpt":{"rendered":"<p>Dr Pablo Torres Biograf\u00eda Il Dr. Pablo Torres si distingue nel campo dell&#8217;odontoiatria per la sua specializzazione in estetica dentale e nella manipolazione esperta dell&#8217;acido ialuronico. Laureato in odontoiatria presso l&#8217;Universit\u00e0 Europea, ha integrato la sua formazione specialistica in estetica dentale e acido ialuronico con tecniche avanzate come la tecnica Russian Lips, appresa direttamente a [&hellip;]<\/p>\n","protected":false},"author":1,"featured_media":0,"parent":0,"menu_order":0,"comment_status":"closed","ping_status":"closed","template":"","meta":{"site-sidebar-layout":"default","site-content-layout":"","ast-site-content-layout":"default","site-content-style":"default","site-sidebar-style":"default","ast-global-header-display":"","ast-banner-title-visibility":"","ast-main-header-display":"","ast-hfb-above-header-display":"","ast-hfb-below-header-display":"","ast-hfb-mobile-header-display":"","site-post-title":"","ast-breadcrumbs-content":"","ast-featured-img":"","footer-sml-layout":"","theme-transparent-header-meta":"default","adv-header-id-meta":"","stick-header-meta":"","header-above-stick-meta":"","header-main-stick-meta":"","header-below-stick-meta":"","astra-migrate-meta-layouts":"set","ast-page-background-enabled":"default","ast-page-background-meta":{"desktop":{"background-color":"var(--ast-global-color-4)","background-image":"","background-repeat":"repeat","background-position":"center center","background-size":"auto","background-attachment":"scroll","background-type":"","background-media":"","overlay-type":"","overlay-color":"","overlay-opacity":"","overlay-gradient":""},"tablet":{"background-color":"","background-image":"","background-repeat":"repeat","background-position":"center center","background-size":"auto","background-attachment":"scroll","background-type":"","background-media":"","overlay-type":"","overlay-color":"","overlay-opacity":"","overlay-gradient":""},"mobile":{"background-color":"","background-image":"","background-repeat":"repeat","background-position":"center center","background-size":"auto","background-attachment":"scroll","background-type":"","background-media":"","overlay-type":"","overlay-color":"","overlay-opacity":"","overlay-gradient":""}},"ast-content-background-meta":{"desktop":{"background-color":"var(--ast-global-color-5)","background-image":"","background-repeat":"repeat","background-position":"center center","background-size":"auto","background-attachment":"scroll","background-type":"","background-media":"","overlay-type":"","overlay-color":"","overlay-opacity":"","overlay-gradient":""},"tablet":{"background-color":"var(--ast-global-color-5)","background-image":"","background-repeat":"repeat","background-position":"center center","background-size":"auto","background-attachment":"scroll","background-type":"","background-media":"","overlay-type":"","overlay-color":"","overlay-opacity":"","overlay-gradient":""},"mobile":{"background-color":"var(--ast-global-color-5)","background-image":"","background-repeat":"repeat","background-position":"center center","background-size":"auto","background-attachment":"scroll","background-type":"","background-media":"","overlay-type":"","overlay-color":"","overlay-opacity":"","overlay-gradient":""}},"_joinchat":[],"footnotes":""},"class_list":["post-2579","page","type-page","status-publish","hentry"],"_links":{"self":[{"href":"https:\/\/doctorpablotorres.tuseo360.com\/it\/wp-json\/wp\/v2\/pages\/2579","targetHints":{"allow":["GET"]}}],"collection":[{"href":"https:\/\/doctorpablotorres.tuseo360.com\/it\/wp-json\/wp\/v2\/pages"}],"about":[{"href":"https:\/\/doctorpablotorres.tuseo360.com\/it\/wp-json\/wp\/v2\/types\/page"}],"author":[{"embeddable":true,"href":"https:\/\/doctorpablotorres.tuseo360.com\/it\/wp-json\/wp\/v2\/users\/1"}],"replies":[{"embeddable":true,"href":"https:\/\/doctorpablotorres.tuseo360.com\/it\/wp-json\/wp\/v2\/comments?post=2579"}],"version-history":[{"count":5,"href":"https:\/\/doctorpablotorres.tuseo360.com\/it\/wp-json\/wp\/v2\/pages\/2579\/revisions"}],"predecessor-version":[{"id":3463,"href":"https:\/\/doctorpablotorres.tuseo360.com\/it\/wp-json\/wp\/v2\/pages\/2579\/revisions\/3463"}],"wp:attachment":[{"href":"https:\/\/doctorpablotorres.tuseo360.com\/it\/wp-json\/wp\/v2\/media?parent=2579"}],"curies":[{"name":"wp","href":"https:\/\/api.w.org\/{rel}","templated":true}]}}