{"id":2690,"date":"2023-11-04T19:25:25","date_gmt":"2023-11-04T18:25:25","guid":{"rendered":"https:\/\/doctorpablotorres.tuseo360.com\/contacto\/"},"modified":"2024-06-11T11:14:53","modified_gmt":"2024-06-11T09:14:53","slug":"contacto","status":"publish","type":"page","link":"https:\/\/doctorpablotorres.tuseo360.com\/it\/contacto\/","title":{"rendered":"ciudades"},"content":{"rendered":"\t\t<div data-elementor-type=\"wp-page\" data-elementor-id=\"2690\" class=\"elementor elementor-2690 elementor-449\" data-elementor-post-type=\"page\">\n\t\t\t\t<div class=\"elementor-element elementor-element-396cde91 e-con-full as-slider e-flex e-con e-parent\" data-id=\"396cde91\" data-element_type=\"container\" data-settings=\"{&quot;background_background&quot;:&quot;slideshow&quot;,&quot;background_slideshow_gallery&quot;:[{&quot;id&quot;:624,&quot;url&quot;:&quot;https:\\\/\\\/doctorpablotorres.tuseo360.com\\\/wp-content\\\/uploads\\\/2023\\\/11\\\/coruna-clinica-1.jpg&quot;},{&quot;id&quot;:681,&quot;url&quot;:&quot;https:\\\/\\\/doctorpablotorres.tuseo360.com\\\/wp-content\\\/uploads\\\/2023\\\/11\\\/madrid-clinica-estetica-torres.jpg&quot;},{&quot;id&quot;:680,&quot;url&quot;:&quot;https:\\\/\\\/doctorpablotorres.tuseo360.com\\\/wp-content\\\/uploads\\\/2023\\\/11\\\/clinica-estetica-torres-en-ciudad-de-mexico.jpg&quot;},{&quot;id&quot;:626,&quot;url&quot;:&quot;https:\\\/\\\/doctorpablotorres.tuseo360.com\\\/wp-content\\\/uploads\\\/2023\\\/11\\\/clinica-pablo-torres-vigo.jpg&quot;}],&quot;background_slideshow_slide_duration&quot;:5000,&quot;background_slideshow_slide_transition&quot;:&quot;fade&quot;,&quot;background_slideshow_transition_duration&quot;:500}\">\n\t\t<div class=\"elementor-element elementor-element-66101502 e-con-full e-flex e-con e-child\" data-id=\"66101502\" data-element_type=\"container\">\n\t\t<div class=\"elementor-element elementor-element-2f2aae5a e-con-full as-bar e-flex e-con e-child\" data-id=\"2f2aae5a\" data-element_type=\"container\" data-settings=\"{&quot;background_background&quot;:&quot;classic&quot;,&quot;position&quot;:&quot;absolute&quot;}\">\n\t\t\t\t<\/div>\n\t\t<div class=\"elementor-element elementor-element-39a1466d e-flex e-con-boxed e-con e-child\" data-id=\"39a1466d\" data-element_type=\"container\">\n\t\t\t\t\t<div class=\"e-con-inner\">\n\t\t<div class=\"elementor-element elementor-element-75ee4d5a as-changing-widget e-flex e-con-boxed e-con e-child\" data-id=\"75ee4d5a\" data-element_type=\"container\">\n\t\t\t\t\t<div class=\"e-con-inner\">\n\t\t\t\t<div class=\"elementor-element elementor-element-3fbf03bf elementor-widget elementor-widget-heading\" data-id=\"3fbf03bf\" data-element_type=\"widget\" data-widget_type=\"heading.default\">\n\t\t\t\t<div class=\"elementor-widget-container\">\n\t\t\t<h2 class=\"elementor-heading-title elementor-size-default\">A Coru\u00f1a<\/h2>\t\t<\/div>\n\t\t\t\t<\/div>\n\t\t\t\t<div class=\"elementor-element elementor-element-2ee17933 elementor-widget elementor-widget-heading\" data-id=\"2ee17933\" data-element_type=\"widget\" data-widget_type=\"heading.default\">\n\t\t\t\t<div class=\"elementor-widget-container\">\n\t\t\t<h2 class=\"elementor-heading-title elementor-size-default\">Madrid<\/h2>\t\t<\/div>\n\t\t\t\t<\/div>\n\t\t\t\t<div class=\"elementor-element elementor-element-3f67b3b0 elementor-widget elementor-widget-heading\" data-id=\"3f67b3b0\" data-element_type=\"widget\" data-widget_type=\"heading.default\">\n\t\t\t\t<div class=\"elementor-widget-container\">\n\t\t\t<h2 class=\"elementor-heading-title elementor-size-default\">M\u00e9xico<\/h2>\t\t<\/div>\n\t\t\t\t<\/div>\n\t\t\t\t<div class=\"elementor-element elementor-element-51de6580 elementor-widget elementor-widget-heading\" data-id=\"51de6580\" data-element_type=\"widget\" data-widget_type=\"heading.default\">\n\t\t\t\t<div class=\"elementor-widget-container\">\n\t\t\t<h2 class=\"elementor-heading-title elementor-size-default\">Vigo<\/h2>\t\t<\/div>\n\t\t\t\t<\/div>\n\t\t\t\t<div class=\"elementor-element elementor-element-c593bfc elementor-widget elementor-widget-heading\" data-id=\"c593bfc\" data-element_type=\"widget\" data-widget_type=\"heading.default\">\n\t\t\t\t<div class=\"elementor-widget-container\">\n\t\t\t<h2 class=\"elementor-heading-title elementor-size-default\">Mil\u00e1n<\/h2>\t\t<\/div>\n\t\t\t\t<\/div>\n\t\t\t\t\t<\/div>\n\t\t\t\t<\/div>\n\t\t<div class=\"elementor-element elementor-element-2b430c11 as-changing-widget e-flex e-con-boxed e-con e-child\" data-id=\"2b430c11\" data-element_type=\"container\">\n\t\t\t\t\t<div class=\"e-con-inner\">\n\t\t\t\t<div class=\"elementor-element elementor-element-48696aa elementor-hidden-desktop elementor-hidden-tablet elementor-hidden-mobile elementor-widget elementor-widget-text-editor\" data-id=\"48696aa\" data-element_type=\"widget\" data-widget_type=\"text-editor.default\">\n\t\t\t\t<div class=\"elementor-widget-container\">\n\t\t\t\t\t\t\t<p>Cl\u00ednica Dental Ram\u00f3n Garc\u00eda Lalinde<\/p>\n<p>R. la Torre, 65, 15002 \u2013 A Coru\u00f1a<\/p>\n\t\t\t\t\t\t<\/div>\n\t\t\t\t<\/div>\n\t\t\t\t<div class=\"elementor-element elementor-element-31e64fb0 elementor-hidden-desktop elementor-hidden-tablet elementor-hidden-mobile elementor-widget elementor-widget-text-editor\" data-id=\"31e64fb0\" data-element_type=\"widget\" data-widget_type=\"text-editor.default\">\n\t\t\t\t<div class=\"elementor-widget-container\">\n\t\t\t\t\t\t\t<p>Cl\u00ednica Back in Time<br \/>Calle Juan Bravo, n\u00famero 10, 28006<\/p>\n<p>Tlf.: 613 016 339<\/p>\n\t\t\t\t\t\t<\/div>\n\t\t\t\t<\/div>\n\t\t\t\t<div class=\"elementor-element elementor-element-238dcbbe elementor-hidden-desktop elementor-hidden-tablet elementor-hidden-mobile elementor-widget elementor-widget-text-editor\" data-id=\"238dcbbe\" data-element_type=\"widget\" data-widget_type=\"text-editor.default\">\n\t\t\t\t<div class=\"elementor-widget-container\">\n\t\t\t\t\t\t\t<p>Avenida ej\u00e9rcito nacional 530, Miguel Hidalgo<br \/>Tlf.: 613 016 339<\/p>\n\t\t\t\t\t\t<\/div>\n\t\t\t\t<\/div>\n\t\t\t\t<div class=\"elementor-element elementor-element-68f70493 elementor-hidden-desktop elementor-hidden-tablet elementor-hidden-mobile elementor-widget elementor-widget-text-editor\" data-id=\"68f70493\" data-element_type=\"widget\" data-widget_type=\"text-editor.default\">\n\t\t\t\t<div class=\"elementor-widget-container\">\n\t\t\t\t\t\t\t<p>Cl\u00ednica Torres<\/p>\n<p>R\u00faa de Garc\u00eda Barb\u00f3n, 32,<br \/>36201 Vigo, Pontevedra<\/p>\n\t\t\t\t\t\t<\/div>\n\t\t\t\t<\/div>\n\t\t\t\t<div class=\"elementor-element elementor-element-c6d065c elementor-hidden-desktop elementor-hidden-tablet elementor-hidden-mobile elementor-widget elementor-widget-text-editor\" data-id=\"c6d065c\" data-element_type=\"widget\" data-widget_type=\"text-editor.default\">\n\t\t\t\t<div class=\"elementor-widget-container\">\n\t\t\t\t\t\t\t<p>Pablo Torres Mil\u00e1n<\/p>\n<p><span class=\"elementor-icon-list-text\">Via Privata Renzo e Lucia, 1\/3, 20142 Milano MI, Italia<\/span><\/p>\n\t\t\t\t\t\t<\/div>\n\t\t\t\t<\/div>\n\t\t\t\t\t<\/div>\n\t\t\t\t<\/div>\n\t\t<div class=\"elementor-element elementor-element-5668fb5f as-changing-widget e-flex e-con-boxed e-con e-child\" data-id=\"5668fb5f\" data-element_type=\"container\">\n\t\t\t\t\t<div class=\"e-con-inner\">\n\t\t\t\t<div class=\"elementor-element elementor-element-e851872 elementor-widget elementor-widget-button\" data-id=\"e851872\" data-element_type=\"widget\" data-widget_type=\"button.default\">\n\t\t\t\t<div class=\"elementor-widget-container\">\n\t\t\t\t\t<div class=\"elementor-button-wrapper\">\n\t\t\t<a class=\"elementor-button elementor-button-link elementor-size-sm\" href=\"https:\/\/doctorpablotorres.tuseo360.com\/coruna\/\">\n\t\t\t\t\t\t<span class=\"elementor-button-content-wrapper\">\n\t\t\t\t\t\t\t\t\t<span class=\"elementor-button-text\">Contacto<\/span>\n\t\t\t\t\t<\/span>\n\t\t\t\t\t<\/a>\n\t\t<\/div>\n\t\t\t\t<\/div>\n\t\t\t\t<\/div>\n\t\t\t\t<div class=\"elementor-element elementor-element-521812cd elementor-widget elementor-widget-button\" data-id=\"521812cd\" data-element_type=\"widget\" data-widget_type=\"button.default\">\n\t\t\t\t<div class=\"elementor-widget-container\">\n\t\t\t\t\t<div class=\"elementor-button-wrapper\">\n\t\t\t<a class=\"elementor-button elementor-button-link elementor-size-sm\" href=\"https:\/\/doctorpablotorres.tuseo360.com\/madrid\/\">\n\t\t\t\t\t\t<span class=\"elementor-button-content-wrapper\">\n\t\t\t\t\t\t\t\t\t<span class=\"elementor-button-text\">Contacto<\/span>\n\t\t\t\t\t<\/span>\n\t\t\t\t\t<\/a>\n\t\t<\/div>\n\t\t\t\t<\/div>\n\t\t\t\t<\/div>\n\t\t\t\t<div class=\"elementor-element elementor-element-1836e8b elementor-widget elementor-widget-button\" data-id=\"1836e8b\" data-element_type=\"widget\" data-widget_type=\"button.default\">\n\t\t\t\t<div class=\"elementor-widget-container\">\n\t\t\t\t\t<div class=\"elementor-button-wrapper\">\n\t\t\t<a class=\"elementor-button elementor-button-link elementor-size-sm\" href=\"https:\/\/doctorpablotorres.tuseo360.com\/mexico\/\">\n\t\t\t\t\t\t<span class=\"elementor-button-content-wrapper\">\n\t\t\t\t\t\t\t\t\t<span class=\"elementor-button-text\">Contacto<\/span>\n\t\t\t\t\t<\/span>\n\t\t\t\t\t<\/a>\n\t\t<\/div>\n\t\t\t\t<\/div>\n\t\t\t\t<\/div>\n\t\t\t\t<div class=\"elementor-element elementor-element-658b8130 elementor-widget elementor-widget-button\" data-id=\"658b8130\" data-element_type=\"widget\" data-widget_type=\"button.default\">\n\t\t\t\t<div class=\"elementor-widget-container\">\n\t\t\t\t\t<div class=\"elementor-button-wrapper\">\n\t\t\t<a class=\"elementor-button elementor-button-link elementor-size-sm\" href=\"https:\/\/doctorpablotorres.tuseo360.com\/vigo\/\">\n\t\t\t\t\t\t<span class=\"elementor-button-content-wrapper\">\n\t\t\t\t\t\t\t\t\t<span class=\"elementor-button-text\">Contacto<\/span>\n\t\t\t\t\t<\/span>\n\t\t\t\t\t<\/a>\n\t\t<\/div>\n\t\t\t\t<\/div>\n\t\t\t\t<\/div>\n\t\t\t\t<div class=\"elementor-element elementor-element-fbba67d elementor-widget elementor-widget-button\" data-id=\"fbba67d\" data-element_type=\"widget\" data-widget_type=\"button.default\">\n\t\t\t\t<div class=\"elementor-widget-container\">\n\t\t\t\t\t<div class=\"elementor-button-wrapper\">\n\t\t\t<a class=\"elementor-button elementor-button-link elementor-size-sm\" href=\"https:\/\/doctorpablotorres.tuseo360.com\/it\/milano\/\">\n\t\t\t\t\t\t<span class=\"elementor-button-content-wrapper\">\n\t\t\t\t\t\t\t\t\t<span class=\"elementor-button-text\">Contacto<\/span>\n\t\t\t\t\t<\/span>\n\t\t\t\t\t<\/a>\n\t\t<\/div>\n\t\t\t\t<\/div>\n\t\t\t\t<\/div>\n\t\t\t\t\t<\/div>\n\t\t\t\t<\/div>\n\t\t\t\t\t<\/div>\n\t\t\t\t<\/div>\n\t\t\t\t<\/div>\n\t\t<div class=\"elementor-element elementor-element-42cd629b e-con-full e-flex e-con e-child\" data-id=\"42cd629b\" data-element_type=\"container\">\n\t\t\t\t<div class=\"elementor-element elementor-element-4cbb9268 elementor-widget elementor-widget-html\" data-id=\"4cbb9268\" data-element_type=\"widget\" data-widget_type=\"html.default\">\n\t\t\t\t<div class=\"elementor-widget-container\">\n\t\t\t<script src=\"https:\/\/code.jquery.com\/jquery-3.6.0.min.js\"><\/script>\r\n\r\n<script>\r\n\r\nvar $ = jQuery\r\n    \r\n$(document).ready(function(){\r\n\r\n$('.as-slider').each(function(){\r\n\r\nvar $this = $(this),\r\n    currentSlide = 0,\r\n    previousSlide = 0,\r\n    slideNumber = $this.find('.as-side-slider .swiper-slide:not(.swiper-slide-duplicate)').length,\r\n    barHTML = '',\r\n    forward,\r\n    textContainer = $this.find('.as-changing-widget')\r\n   \r\nfor(var i=0; i<slideNumber;i++){\r\n\r\n    barHTML += `<span class=\"dot\"><span class=\"dot-number\">${i+1}<\/span><\/span>`\r\n}\r\n\r\n$this.find('.as-bar .dot').remove()\r\n$this.find('.as-bar').append(barHTML)\r\n$this.find('.as-bar .dot').eq(0).addClass('active')\r\n    \r\ntextContainer.each(function(){\r\n    var texts = $(this).find('.elementor-widget').eq(0)\r\n    texts.addClass('currentUp')\r\n    $(this).css('--h', texts.height()+'px')\r\n})\r\n\r\nsetTimeout(function(){\r\n    $this.addClass('loaded')\r\n    \r\n    if($this.find('.as-side-slider .swiper-container-initialized, .as-side-slider .swiper-initialized').length){\r\n        $this.find('.as-side-slider').addClass('loaded')\r\n    }\r\n    \r\n    var init = setInterval(function(){\r\n      if($this.find('.as-side-slider .swiper-container-initialized, .as-side-slider .swiper-initialized').length){\r\n          \r\n          $this.find('.as-side-slider').addClass('loaded')\r\n          clearInterval(init)\r\n      }\r\n    },50)\r\n}, 500)\r\n\r\nvar bgs = JSON.parse($this.attr('data-settings')).background_slideshow_gallery,\r\n    bgHTML = '<div class=\"as-slider-background\">'\r\n\r\nif(bgs){\r\n    bgs.forEach(function(background){\r\n        bgHTML += `<img decoding=\"async\" src=\"${background.url}\"\/>`\r\n    })\r\n}\r\nbgHTML += '<\/div>'\r\n\r\n$this.find('.as-slider-background').remove()\r\n$this.prepend(bgHTML)\r\n\r\nvar backgrounds = $this.find('.as-slider-background img')\r\n\r\nbackgrounds.eq(0).addClass('currentForward')\r\n\r\nsetInterval(function(){\r\n    currentSlide = $this.find('.as-side-slider .swiper-slide-active').attr('data-swiper-slide-index')\r\n    if(previousSlide != currentSlide) {\r\n\r\n        if( previousSlide < currentSlide ){\r\n            forward = true\r\n        }\r\n        if( previousSlide > currentSlide ){\r\n            forward = false\r\n        }\r\n        if( previousSlide == slideNumber - 1 && currentSlide == 0 ){\r\n            forward = true\r\n        }\r\n        if( previousSlide == 0 && currentSlide == slideNumber - 1 ){\r\n            forward = false\r\n        }\r\n        textContainer.each(function(){\r\n            var texts = $(this).find('.elementor-widget')\r\n            \r\n            $(this).css('--h', texts.eq(currentSlide).height()+'px')\r\n            \r\n            texts.removeClass('prev next currentUp currentDown')\r\n            backgrounds.removeClass('prev currentBackward currentForward')\r\n            \r\n            backgrounds.eq(previousSlide).addClass('prev')\r\n            \r\n            if(forward) {\r\n                texts.eq(previousSlide).addClass('prev')\r\n                texts.eq(currentSlide).addClass('currentUp')\r\n                \r\n                backgrounds.eq(currentSlide).addClass('currentForward')\r\n                \r\n            }else{\r\n                texts.eq(previousSlide).addClass('next')\r\n                texts.eq(currentSlide).addClass('currentDown')\r\n\r\n                backgrounds.eq(currentSlide).addClass('currentBackward')\r\n            }\r\n        })\r\n        \r\n        $this.find('.as-bar .dot').removeClass('active')\r\n        $this.find('.as-bar .dot').eq(currentSlide).addClass('active')\r\n    }\r\n    previousSlide = currentSlide\r\n}, 500)\r\n\r\n$this.find('.as-bar .dot').on('click', function(){\r\n    \r\n    var index = $(this).index()\r\n    \r\n    $this.find('.as-side-slider .swiper-pagination-bullet').eq(index).trigger('click')\r\n    $this.find('.as-side-slider .swiper-container').trigger('mouseleave')\r\n    \r\n})\r\n$this.find('.as-slider-left').on('click', function(){\r\n    \r\n    $this.find('.as-side-slider .elementor-swiper-button-prev').trigger('click')\r\n    $this.find('.as-side-slider .elementor-swiper').trigger('mouseleave')\r\n})\r\n$this.find('.as-slider-right').on('click', function(){\r\n    \r\n    $this.find('.as-side-slider .elementor-swiper-button-next').trigger('click')\r\n    $this.find('.as-side-slider .elementor-swiper').trigger('mouseleave')\r\n})\r\n$this.find('.as-slider-left a, .as-slider-right a').on('click', function(e){\r\n    \r\n    e.preventDefault()\r\n})\r\n\r\n})\r\n})\r\n\r\n$(window).on('resize', function(){\r\n    \r\n\r\n    \r\n$('.as-slider').each(function(){\r\n    \r\n    var textContainer = $(this).find('.as-changing-widget')\r\n    \r\n    textContainer.each(function(){\r\n        var texts = $(this).find('.elementor-widget.currentUp, .elementor-widget.currentDown')\r\n    \r\n        $(this).css('--h', texts.height()+'px')\r\n    })\r\n})\r\n})\r\n\r\n\r\n<\/script>\r\n\t\t<\/div>\n\t\t\t\t<\/div>\n\t\t\t\t<div class=\"elementor-element elementor-element-1c7d7ec0 as-side-slider elementor-widget-mobile__width-initial elementor-testimonial--skin-default elementor-testimonial--layout-image_inline elementor-testimonial--align-center elementor-arrows-yes elementor-pagination-type-bullets elementor-widget elementor-widget-testimonial-carousel\" data-id=\"1c7d7ec0\" data-element_type=\"widget\" data-settings=\"{&quot;slides_per_view&quot;:&quot;5&quot;,&quot;space_between&quot;:{&quot;unit&quot;:&quot;px&quot;,&quot;size&quot;:30,&quot;sizes&quot;:[]},&quot;slides_per_view_tablet&quot;:&quot;3&quot;,&quot;space_between_tablet&quot;:{&quot;unit&quot;:&quot;px&quot;,&quot;size&quot;:20,&quot;sizes&quot;:[]},&quot;space_between_mobile&quot;:{&quot;unit&quot;:&quot;px&quot;,&quot;size&quot;:20,&quot;sizes&quot;:[]},&quot;slides_per_view_mobile&quot;:&quot;3&quot;,&quot;show_arrows&quot;:&quot;yes&quot;,&quot;pagination&quot;:&quot;bullets&quot;,&quot;speed&quot;:500,&quot;loop&quot;:&quot;yes&quot;}\" data-widget_type=\"testimonial-carousel.default\">\n\t\t\t\t<div class=\"elementor-widget-container\">\n\t\t\t\t\t<div class=\"elementor-swiper\">\n\t\t\t<div class=\"elementor-main-swiper swiper\">\n\t\t\t\t<div class=\"swiper-wrapper\">\n\t\t\t\t\t\t\t\t\t\t\t<div class=\"swiper-slide\">\n\t\t\t\t\t\t\t\t\t<div class=\"elementor-testimonial\">\n\t\t\t\t\t\t<div class=\"elementor-testimonial__footer\">\n\t\t\t\t\t\t\t\t\t<div class=\"elementor-testimonial__image\">\n\t\t\t\t\t\t<img decoding=\"async\" src=\"https:\/\/doctorpablotorres.tuseo360.com\/wp-content\/uploads\/2023\/11\/torre-hercules-coruna.jpg\" alt=\"A Coru\u00f1a\">\n\t\t\t\t\t\t\t\t\t\t\t<\/div>\n\t\t\t\t\t\t\t\t<cite class=\"elementor-testimonial__cite\"><span class=\"elementor-testimonial__name\">A Coru\u00f1a<\/span><span class=\"elementor-testimonial__title\">A Coru\u00f1a<\/span><\/cite>\t\t\t<\/div>\n\t\t<\/div>\n\t\t\t\t\t\t\t\t<\/div>\n\t\t\t\t\t\t\t\t\t\t\t<div class=\"swiper-slide\">\n\t\t\t\t\t\t\t\t\t<div class=\"elementor-testimonial\">\n\t\t\t\t\t\t<div class=\"elementor-testimonial__footer\">\n\t\t\t\t\t\t\t\t\t<div class=\"elementor-testimonial__image\">\n\t\t\t\t\t\t<img decoding=\"async\" src=\"https:\/\/doctorpablotorres.tuseo360.com\/wp-content\/uploads\/2023\/11\/madrid-city.jpg\" alt=\"Madrid\">\n\t\t\t\t\t\t\t\t\t\t\t<\/div>\n\t\t\t\t\t\t\t\t<cite class=\"elementor-testimonial__cite\"><span class=\"elementor-testimonial__name\">Madrid<\/span><span class=\"elementor-testimonial__title\">Cl\u00ednica Torres<\/span><\/cite>\t\t\t<\/div>\n\t\t<\/div>\n\t\t\t\t\t\t\t\t<\/div>\n\t\t\t\t\t\t\t\t\t\t\t<div class=\"swiper-slide\">\n\t\t\t\t\t\t\t\t\t<div class=\"elementor-testimonial\">\n\t\t\t\t\t\t<div class=\"elementor-testimonial__footer\">\n\t\t\t\t\t\t\t\t\t<div class=\"elementor-testimonial__image\">\n\t\t\t\t\t\t<img decoding=\"async\" src=\"https:\/\/doctorpablotorres.tuseo360.com\/wp-content\/uploads\/2023\/11\/mexico-dc.jpg\" alt=\"M\u00e9xico\">\n\t\t\t\t\t\t\t\t\t\t\t<\/div>\n\t\t\t\t\t\t\t\t<cite class=\"elementor-testimonial__cite\"><span class=\"elementor-testimonial__name\">M\u00e9xico<\/span><span class=\"elementor-testimonial__title\">Ciudad de M\u00e9xico<\/span><\/cite>\t\t\t<\/div>\n\t\t<\/div>\n\t\t\t\t\t\t\t\t<\/div>\n\t\t\t\t\t\t\t\t\t\t\t<div class=\"swiper-slide\">\n\t\t\t\t\t\t\t\t\t<div class=\"elementor-testimonial\">\n\t\t\t\t\t\t<div class=\"elementor-testimonial__footer\">\n\t\t\t\t\t\t\t\t\t<div class=\"elementor-testimonial__image\">\n\t\t\t\t\t\t<img decoding=\"async\" src=\"https:\/\/doctorpablotorres.tuseo360.com\/wp-content\/uploads\/2023\/11\/contacto-clinica-estetica-vigo.jpg\" alt=\"Vigo\">\n\t\t\t\t\t\t\t\t\t\t\t<\/div>\n\t\t\t\t\t\t\t\t<cite class=\"elementor-testimonial__cite\"><span class=\"elementor-testimonial__name\">Vigo<\/span><span class=\"elementor-testimonial__title\">Cl\u00ednica Torres<\/span><\/cite>\t\t\t<\/div>\n\t\t<\/div>\n\t\t\t\t\t\t\t\t<\/div>\n\t\t\t\t\t\t\t\t\t<\/div>\n\t\t\t\t\t\t\t\t\t\t\t\t\t\t\t<div class=\"swiper-pagination\"><\/div>\n\t\t\t\t\t\t\t\t\t\t\t\t\t\t\t\t<div class=\"elementor-swiper-button elementor-swiper-button-prev\" role=\"button\" tabindex=\"0\">\n\t\t\t\t\t\t\t<i aria-hidden=\"true\" class=\"eicon-chevron-left\"><\/i>\t\t\t\t\t\t\t<span class=\"elementor-screen-only\">Precedente<\/span>\n\t\t\t\t\t\t<\/div>\n\t\t\t\t\t\t<div class=\"elementor-swiper-button elementor-swiper-button-next\" role=\"button\" tabindex=\"0\">\n\t\t\t\t\t\t\t<i aria-hidden=\"true\" class=\"eicon-chevron-right\"><\/i>\t\t\t\t\t\t\t<span class=\"elementor-screen-only\">Successivo<\/span>\n\t\t\t\t\t\t<\/div>\n\t\t\t\t\t\t\t\t\t\t\t\t<\/div>\n\t\t<\/div>\n\t\t\t\t<\/div>\n\t\t\t\t<\/div>\n\t\t<div class=\"elementor-element elementor-element-640cc433 e-flex e-con-boxed e-con e-child\" data-id=\"640cc433\" data-element_type=\"container\">\n\t\t\t\t\t<div class=\"e-con-inner\">\n\t\t\t\t<div class=\"elementor-element elementor-element-514b32a0 as-slider-left elementor-absolute elementor-widget elementor-widget-button\" data-id=\"514b32a0\" data-element_type=\"widget\" data-settings=\"{&quot;_position&quot;:&quot;absolute&quot;}\" data-widget_type=\"button.default\">\n\t\t\t\t<div class=\"elementor-widget-container\">\n\t\t\t\t\t<div class=\"elementor-button-wrapper\">\n\t\t\t<a class=\"elementor-button elementor-button-link elementor-size-sm\" href=\"#\">\n\t\t\t\t\t\t<span class=\"elementor-button-content-wrapper\">\n\t\t\t\t\t\t<span class=\"elementor-button-icon\">\n\t\t\t\t<i aria-hidden=\"true\" class=\"fas fa-arrow-left\"><\/i>\t\t\t<\/span>\n\t\t\t\t\t\t\t\t<\/span>\n\t\t\t\t\t<\/a>\n\t\t<\/div>\n\t\t\t\t<\/div>\n\t\t\t\t<\/div>\n\t\t\t\t<div class=\"elementor-element elementor-element-75278d41 as-slider-right elementor-absolute elementor-widget elementor-widget-button\" data-id=\"75278d41\" data-element_type=\"widget\" data-settings=\"{&quot;_position&quot;:&quot;absolute&quot;}\" data-widget_type=\"button.default\">\n\t\t\t\t<div class=\"elementor-widget-container\">\n\t\t\t\t\t<div class=\"elementor-button-wrapper\">\n\t\t\t<a class=\"elementor-button elementor-button-link elementor-size-sm\" href=\"#\">\n\t\t\t\t\t\t<span class=\"elementor-button-content-wrapper\">\n\t\t\t\t\t\t<span class=\"elementor-button-icon\">\n\t\t\t\t<i aria-hidden=\"true\" class=\"fas fa-arrow-right\"><\/i>\t\t\t<\/span>\n\t\t\t\t\t\t\t\t<\/span>\n\t\t\t\t\t<\/a>\n\t\t<\/div>\n\t\t\t\t<\/div>\n\t\t\t\t<\/div>\n\t\t\t\t\t<\/div>\n\t\t\t\t<\/div>\n\t\t\t\t<\/div>\n\t\t\t\t<\/div>\n\t\t\t\t<\/div>\n\t\t","protected":false},"excerpt":{"rendered":"<p>A Coru\u00f1a Madrid M\u00e9xico Vigo Mil\u00e1n Cl\u00ednica Dental Ram\u00f3n Garc\u00eda Lalinde R. la Torre, 65, 15002 \u2013 A Coru\u00f1a Cl\u00ednica Back in TimeCalle Juan Bravo, n\u00famero 10, 28006 Tlf.: 613 016 339 Avenida ej\u00e9rcito nacional 530, Miguel HidalgoTlf.: 613 016 339 Cl\u00ednica Torres R\u00faa de Garc\u00eda Barb\u00f3n, 32,36201 Vigo, Pontevedra Pablo Torres Mil\u00e1n Via Privata [&hellip;]<\/p>\n","protected":false},"author":1,"featured_media":0,"parent":0,"menu_order":0,"comment_status":"closed","ping_status":"closed","template":"","meta":{"site-sidebar-layout":"no-sidebar","site-content-layout":"page-builder","ast-site-content-layout":"","site-content-style":"default","site-sidebar-style":"default","ast-global-header-display":"","ast-banner-title-visibility":"","ast-main-header-display":"","ast-hfb-above-header-display":"","ast-hfb-below-header-display":"","ast-hfb-mobile-header-display":"","site-post-title":"disabled","ast-breadcrumbs-content":"","ast-featured-img":"disabled","footer-sml-layout":"","theme-transparent-header-meta":"","adv-header-id-meta":"","stick-header-meta":"","header-above-stick-meta":"","header-main-stick-meta":"","header-below-stick-meta":"","astra-migrate-meta-layouts":"default","ast-page-background-enabled":"default","ast-page-background-meta":{"desktop":{"background-color":"var(--ast-global-color-4)","background-image":"","background-repeat":"repeat","background-position":"center center","background-size":"auto","background-attachment":"scroll","background-type":"","background-media":"","overlay-type":"","overlay-color":"","overlay-opacity":"","overlay-gradient":""},"tablet":{"background-color":"","background-image":"","background-repeat":"repeat","background-position":"center center","background-size":"auto","background-attachment":"scroll","background-type":"","background-media":"","overlay-type":"","overlay-color":"","overlay-opacity":"","overlay-gradient":""},"mobile":{"background-color":"","background-image":"","background-repeat":"repeat","background-position":"center center","background-size":"auto","background-attachment":"scroll","background-type":"","background-media":"","overlay-type":"","overlay-color":"","overlay-opacity":"","overlay-gradient":""}},"ast-content-background-meta":{"desktop":{"background-color":"var(--ast-global-color-5)","background-image":"","background-repeat":"repeat","background-position":"center center","background-size":"auto","background-attachment":"scroll","background-type":"","background-media":"","overlay-type":"","overlay-color":"","overlay-opacity":"","overlay-gradient":""},"tablet":{"background-color":"var(--ast-global-color-5)","background-image":"","background-repeat":"repeat","background-position":"center center","background-size":"auto","background-attachment":"scroll","background-type":"","background-media":"","overlay-type":"","overlay-color":"","overlay-opacity":"","overlay-gradient":""},"mobile":{"background-color":"var(--ast-global-color-5)","background-image":"","background-repeat":"repeat","background-position":"center center","background-size":"auto","background-attachment":"scroll","background-type":"","background-media":"","overlay-type":"","overlay-color":"","overlay-opacity":"","overlay-gradient":""}},"_joinchat":[],"footnotes":""},"class_list":["post-2690","page","type-page","status-publish","hentry"],"_links":{"self":[{"href":"https:\/\/doctorpablotorres.tuseo360.com\/it\/wp-json\/wp\/v2\/pages\/2690","targetHints":{"allow":["GET"]}}],"collection":[{"href":"https:\/\/doctorpablotorres.tuseo360.com\/it\/wp-json\/wp\/v2\/pages"}],"about":[{"href":"https:\/\/doctorpablotorres.tuseo360.com\/it\/wp-json\/wp\/v2\/types\/page"}],"author":[{"embeddable":true,"href":"https:\/\/doctorpablotorres.tuseo360.com\/it\/wp-json\/wp\/v2\/users\/1"}],"replies":[{"embeddable":true,"href":"https:\/\/doctorpablotorres.tuseo360.com\/it\/wp-json\/wp\/v2\/comments?post=2690"}],"version-history":[{"count":3,"href":"https:\/\/doctorpablotorres.tuseo360.com\/it\/wp-json\/wp\/v2\/pages\/2690\/revisions"}],"predecessor-version":[{"id":2848,"href":"https:\/\/doctorpablotorres.tuseo360.com\/it\/wp-json\/wp\/v2\/pages\/2690\/revisions\/2848"}],"wp:attachment":[{"href":"https:\/\/doctorpablotorres.tuseo360.com\/it\/wp-json\/wp\/v2\/media?parent=2690"}],"curies":[{"name":"wp","href":"https:\/\/api.w.org\/{rel}","templated":true}]}}