{"id":3424,"date":"2023-12-13T12:06:36","date_gmt":"2023-12-13T11:06:36","guid":{"rendered":"https:\/\/doctorpablotorres.tuseo360.com\/politica-sui-cookie\/"},"modified":"2024-08-29T00:26:54","modified_gmt":"2024-08-28T22:26:54","slug":"politica-sui-cookie","status":"publish","type":"page","link":"https:\/\/doctorpablotorres.tuseo360.com\/it\/politica-sui-cookie\/","title":{"rendered":"Politica sui Cookie"},"content":{"rendered":"\n<p><strong>Cosa \u00e8 un cookie?<\/strong> I cookie sono piccoli file di testo situati nella directory del tuo browser, che possono essere collocati sul tuo dispositivo. Quando accedi a un sito web, il cookie memorizzato sul dispositivo invia informazioni alla parte che lo ha collocato. I cookie sono estremamente comuni e utilizzati in numerosi siti web. Queste tecnologie possono servire a scopi molto diversi, come, ad esempio, riconoscerti come utente, ottenere informazioni sulle tue abitudini di navigazione o personalizzare il modo in cui viene visualizzato il contenuto. Gli usi specifici che facciamo di queste tecnologie sono descritti di seguito. <strong>Identificazione dei cookie<\/strong> utilizzati I cookie impiegati in questo sito web sono classificati nel seguente modo:    <\/p>\n\n<ul class=\"wp-block-list\">\n<li><strong>Cookie proprie:<\/strong> sono cookie specifiche del responsabile del sito web. Il loro utilizzo ci consente di gestire un servizio efficiente e di studiare il modello di comportamento degli utenti del sito. <\/li>\n\n\n\n<li><strong>Cookie di terze parti:<\/strong> sono quelle collocate sul tuo dispositivo da un&#8217;altra entit\u00e0 che tratta i dati, non dal responsabile del sito web. Tale informazione \u00e8 completamente controllata dal terzo interessato, in conformit\u00e0 con la sua rispettiva politica sulla privacy. <\/li>\n\n\n\n<li><strong>Cookie di sessione:<\/strong> raccolgono e memorizzano dati mentre l&#8217;utente accede a una pagina web. Quando termina la sessione del browser, il cookie scade. <\/li>\n\n\n\n<li><strong>Cookie persistenti:<\/strong> memorizzano i dati nel terminale in modo che possano essere accessibili e trattati per un periodo definito dal responsabile del cookie, che pu\u00f2 variare da alcuni minuti a diversi anni.<\/li>\n\n\n\n<li><strong>Cookie tecniche:<\/strong> permettono all\u2019utente di navigare attraverso un sito web, una piattaforma o un\u2019applicazione e di utilizzare le diverse opzioni o servizi disponibili.<\/li>\n\n\n\n<li><strong>Cookie di analisi:<\/strong> consentono al responsabile di monitorare e analizzare il comportamento degli utenti dei siti web a cui sono collegate. Le informazioni raccolte tramite questo tipo di cookie vengono utilizzate per misurare l\u2019attivit\u00e0 dei siti web, delle applicazioni o delle piattaforme e per elaborare profili di navigazione degli utenti di questi siti, applicazioni e piattaforme, al fine di introdurre miglioramenti in base all\u2019analisi dei dati di utilizzo forniti dagli utenti del servizio. <\/li>\n<\/ul>\n\n<p>La seguente tabella mostra i cookie propri e di terze parti che utilizziamo sul sito web e la finalit\u00e0 per la quale viene utilizzato ciascuno.<\/p>\n\n<figure class=\"wp-block-table\"><table><thead><tr><th>Nome<\/th><th>Tipo<\/th><th>Titolarit\u00e0<\/th><th>Temporalit\u00e0<\/th><th>Finalit\u00e0<\/th><\/tr><\/thead><tbody><tr><td>_gcl_au<\/td><td>Analitica<\/td><td>Altra. Propriet\u00e0 di Google. <\/td><td>Permanente<\/td><td>per memorizzare e monitorare le conversioni.<\/td><\/tr><tr><td>_fbp<\/td><td>Analitica<\/td><td>Altra. Propriet\u00e0 di Facebook <\/td><td>3 mesi<\/td><td>per memorizzare e monitorare le visite attraverso i siti web<\/td><\/tr><tr><td>CookieConsent<\/td><td>Funzionale<\/td><td>Altra. Propriet\u00e0 di CookieBot <\/td><td>1 anno<\/td><td>per memorizzare le preferenze di consenso ai cookie<\/td><\/tr><tr><td>_gid<\/td><td>Analitica<\/td><td>Altra. Propriet\u00e0 di Google. <\/td><td>1 giorno<\/td><td>per memorizzare e conteggiare le pagine viste.<\/td><\/tr><tr><td>_ga<\/td><td>Analitica<\/td><td>Altra. Propriet\u00e0 di Google. <\/td><td>2 anni<\/td><td>per distinguere gli utenti.<\/td><\/tr><\/tbody><\/table><\/figure>\n\n<p><strong>Disattivazione dei cookie<\/strong> Puoi consentire, bloccare o eliminare i cookie installati sul tuo dispositivo tramite le opzioni di configurazione del browser installato sul tuo computer. Ti preghiamo di leggere attentamente la sezione di aiuto del tuo browser per saperne di pi\u00f9 su come attivare la \u201cmodalit\u00e0 privata\u201d o sbloccare determinati cookie. <\/p>\n\n<ul class=\"wp-block-list\">\n<li>Internet Explorer: Strumenti -&gt; Opzioni Internet -&gt; Privacy -&gt; Impostazioni. Per ulteriori informazioni, puoi consultare il <a href=\"https:\/\/web.archive.org\/web\/20230209062044\/https:\/\/support.microsoft.com\/es-es\/help\/17442\/windows-internet-explorer-delete-manage-cookies\" rel=\"nofollow noopener\" target=\"_blank\">supporto Microsoft<\/a> o la Guida del browser. <\/li>\n\n\n\n<li>Firefox: Strumenti -&gt; Opzioni -&gt; Privacy -&gt; Cronologia -&gt; Impostazioni Personalizzate. Per ulteriori informazioni, puoi consultare il <a href=\"https:\/\/web.archive.org\/web\/20230209062044\/https:\/\/support.mozilla.org\/es\/kb\/cookies-informacion-que-los-sitios-web-guardan-en-\" rel=\"nofollow noopener\" target=\"_blank\">supporto Mozilla<\/a> o la Guida del browser. <\/li>\n\n\n\n<li>Chrome: Impostazioni -&gt; Mostra opzioni avanzate -&gt; Mostra opzioni avanzate -&gt; Impostazioni dei contenuti. Per ulteriori informazioni, puoi consultare ill <a href=\"https:\/\/web.archive.org\/web\/20230209062044\/https:\/\/support.google.com\/chrome\/answer\/95647?hl=es&amp;ref_topic=3434352\" rel=\"nofollow noopener\" target=\"_blank\">supporto Google<\/a> o la Guida del browser. <\/li>\n\n\n\n<li>Safari: Preferenze -&gt; Per ulteriori informazioni, puoi consultare il <a href=\"https:\/\/web.archive.org\/web\/20230209062044\/http:\/\/support.apple.com\/kb\/HT1677?viewlocale=es_ES&amp;locale=es_ES\" rel=\"nofollow noopener\" target=\"_blank\">supporto Apple<\/a> supporto Apple o la Guida del browser. <\/li>\n<\/ul>\n","protected":false},"excerpt":{"rendered":"<p>Cosa \u00e8 un cookie? I cookie sono piccoli file di testo situati nella directory del tuo browser, che possono essere collocati sul tuo dispositivo. Quando accedi a un sito web, il cookie memorizzato sul dispositivo invia informazioni alla parte che lo ha collocato. I cookie sono estremamente comuni e utilizzati in numerosi siti web. Queste [&hellip;]<\/p>\n","protected":false},"author":1,"featured_media":0,"parent":0,"menu_order":0,"comment_status":"closed","ping_status":"closed","template":"","meta":{"site-sidebar-layout":"default","site-content-layout":"","ast-site-content-layout":"","site-content-style":"default","site-sidebar-style":"default","ast-global-header-display":"","ast-banner-title-visibility":"","ast-main-header-display":"","ast-hfb-above-header-display":"","ast-hfb-below-header-display":"","ast-hfb-mobile-header-display":"","site-post-title":"","ast-breadcrumbs-content":"","ast-featured-img":"","footer-sml-layout":"","theme-transparent-header-meta":"","adv-header-id-meta":"","stick-header-meta":"","header-above-stick-meta":"","header-main-stick-meta":"","header-below-stick-meta":"","astra-migrate-meta-layouts":"default","ast-page-background-enabled":"default","ast-page-background-meta":{"desktop":{"background-color":"var(--ast-global-color-4)","background-image":"","background-repeat":"repeat","background-position":"center center","background-size":"auto","background-attachment":"scroll","background-type":"","background-media":"","overlay-type":"","overlay-color":"","overlay-opacity":"","overlay-gradient":""},"tablet":{"background-color":"","background-image":"","background-repeat":"repeat","background-position":"center center","background-size":"auto","background-attachment":"scroll","background-type":"","background-media":"","overlay-type":"","overlay-color":"","overlay-opacity":"","overlay-gradient":""},"mobile":{"background-color":"","background-image":"","background-repeat":"repeat","background-position":"center center","background-size":"auto","background-attachment":"scroll","background-type":"","background-media":"","overlay-type":"","overlay-color":"","overlay-opacity":"","overlay-gradient":""}},"ast-content-background-meta":{"desktop":{"background-color":"var(--ast-global-color-5)","background-image":"","background-repeat":"repeat","background-position":"center center","background-size":"auto","background-attachment":"scroll","background-type":"","background-media":"","overlay-type":"","overlay-color":"","overlay-opacity":"","overlay-gradient":""},"tablet":{"background-color":"var(--ast-global-color-5)","background-image":"","background-repeat":"repeat","background-position":"center center","background-size":"auto","background-attachment":"scroll","background-type":"","background-media":"","overlay-type":"","overlay-color":"","overlay-opacity":"","overlay-gradient":""},"mobile":{"background-color":"var(--ast-global-color-5)","background-image":"","background-repeat":"repeat","background-position":"center center","background-size":"auto","background-attachment":"scroll","background-type":"","background-media":"","overlay-type":"","overlay-color":"","overlay-opacity":"","overlay-gradient":""}},"_joinchat":[],"footnotes":""},"class_list":["post-3424","page","type-page","status-publish","hentry"],"_links":{"self":[{"href":"https:\/\/doctorpablotorres.tuseo360.com\/it\/wp-json\/wp\/v2\/pages\/3424","targetHints":{"allow":["GET"]}}],"collection":[{"href":"https:\/\/doctorpablotorres.tuseo360.com\/it\/wp-json\/wp\/v2\/pages"}],"about":[{"href":"https:\/\/doctorpablotorres.tuseo360.com\/it\/wp-json\/wp\/v2\/types\/page"}],"author":[{"embeddable":true,"href":"https:\/\/doctorpablotorres.tuseo360.com\/it\/wp-json\/wp\/v2\/users\/1"}],"replies":[{"embeddable":true,"href":"https:\/\/doctorpablotorres.tuseo360.com\/it\/wp-json\/wp\/v2\/comments?post=3424"}],"version-history":[{"count":1,"href":"https:\/\/doctorpablotorres.tuseo360.com\/it\/wp-json\/wp\/v2\/pages\/3424\/revisions"}],"predecessor-version":[{"id":3425,"href":"https:\/\/doctorpablotorres.tuseo360.com\/it\/wp-json\/wp\/v2\/pages\/3424\/revisions\/3425"}],"wp:attachment":[{"href":"https:\/\/doctorpablotorres.tuseo360.com\/it\/wp-json\/wp\/v2\/media?parent=3424"}],"curies":[{"name":"wp","href":"https:\/\/api.w.org\/{rel}","templated":true}]}}